{"id":127,"date":"2017-09-11T12:10:14","date_gmt":"2017-09-11T10:10:14","guid":{"rendered":"http:\/\/www.gipstec.at\/villach\/?page_id=127"},"modified":"2024-03-08T09:01:03","modified_gmt":"2024-03-08T08:01:03","slug":"gipstec","status":"publish","type":"page","link":"https:\/\/www.gipstec.at\/villach\/gipstec\/","title":{"rendered":"\u00dcber uns"},"content":{"rendered":"<div id='av-layout-grid-1'  class='av-layout-grid-container av-3er75b-43d3afadee180359984abf63a8ba34b1 entry-content-wrapper main_color av-border-top-bottom av-border-cells av-flex-cells  avia-builder-el-0  el_before_av_layout_row  avia-builder-el-first   container_wrap fullsize'  >\n\n<style type=\"text\/css\" data-created_by=\"avia_inline_auto\" id=\"style-css-av-39jt07-3d864b3f2616697169c9fd0520c2b677\">\n.flex_cell.av-39jt07-3d864b3f2616697169c9fd0520c2b677{\nvertical-align:middle;\nbackground-color:#c7ccd0;\n}\n.responsive #top #wrap_all .flex_cell.av-39jt07-3d864b3f2616697169c9fd0520c2b677{\npadding:100px 60px 100px 60px !important;\n}\n<\/style>\n<div class='flex_cell av-39jt07-3d864b3f2616697169c9fd0520c2b677 av-gridrow-cell av_two_fifth no_margin  avia-builder-el-1  el_before_av_cell_one_fifth  avia-builder-el-first '  ><div class='flex_cell_inner'>\n<style type=\"text\/css\" data-created_by=\"avia_inline_auto\" id=\"style-css-av-309klj-f8eddb11aa8a6c449eb1f5d8d60f8a8b\">\n#top .av-special-heading.av-309klj-f8eddb11aa8a6c449eb1f5d8d60f8a8b{\npadding-bottom:10px;\ncolor:#0173bd;\nfont-size:90px;\n}\nbody .av-special-heading.av-309klj-f8eddb11aa8a6c449eb1f5d8d60f8a8b .av-special-heading-tag .heading-char{\nfont-size:25px;\n}\n#top #wrap_all .av-special-heading.av-309klj-f8eddb11aa8a6c449eb1f5d8d60f8a8b .av-special-heading-tag{\nfont-size:90px;\n}\n.av-special-heading.av-309klj-f8eddb11aa8a6c449eb1f5d8d60f8a8b .special-heading-inner-border{\nborder-color:#0173bd;\n}\n.av-special-heading.av-309klj-f8eddb11aa8a6c449eb1f5d8d60f8a8b .av-subheading{\nfont-size:28px;\n}\n\n@media only screen and (min-width: 480px) and (max-width: 767px){ \n#top #wrap_all .av-special-heading.av-309klj-f8eddb11aa8a6c449eb1f5d8d60f8a8b .av-special-heading-tag{\nfont-size:0.8em;\n}\n}\n\n@media only screen and (max-width: 479px){ \n#top #wrap_all .av-special-heading.av-309klj-f8eddb11aa8a6c449eb1f5d8d60f8a8b .av-special-heading-tag{\nfont-size:0.8em;\n}\n}\n<\/style>\n<div  class='av-special-heading av-309klj-f8eddb11aa8a6c449eb1f5d8d60f8a8b av-special-heading-h1 custom-color-heading blockquote modern-quote modern-centered  avia-builder-el-2  avia-builder-el-no-sibling  no-underline av-inherit-size'><h1 class='av-special-heading-tag'  itemprop=\"headline\"  >Gipstec<\/h1><div class='av_custom_color av-subheading av-subheading_below'><p><a href=\"http:\/\/www.gipstec.at\/villach\/leistungen\/#trockenbau\">INNENAUSBAU<\/a><\/p>\n<p><a href=\"http:\/\/www.gipstec.at\/villach\/leistungen\/#vollwaermeschutz\">VOLL\u00adW\u00c4RMESCHUTZ<\/a><\/p>\n<p><a href=\"http:\/\/www.gipstec.at\/villach\/leistungen\/#altbausanierung\">ALTBAUSANIERUNG<\/a><\/p>\n<p><a href=\"http:\/\/www.gipstec.at\/villach\/leistungen\/#spachteltechniken\">SPACHTELUNGEN<\/a><\/p>\n<p><a href=\"http:\/\/www.gipstec.at\/villach\/leistungen\/#farbgestaltungen\">FARBGESTALTUNG<\/a><\/p>\n<\/div><div class=\"special-heading-border\"><div class=\"special-heading-inner-border\"><\/div><\/div><\/div>\n<\/div><\/div>\n<style type=\"text\/css\" data-created_by=\"avia_inline_auto\" id=\"style-css-av-2vz4ev-0611f2e78f36b7066f649a5a835a7bf4\">\n.flex_cell.av-2vz4ev-0611f2e78f36b7066f649a5a835a7bf4{\nvertical-align:top;\nbackground-color:#5f6e78;\n}\n.responsive #top #wrap_all .flex_cell.av-2vz4ev-0611f2e78f36b7066f649a5a835a7bf4{\npadding:80px 30px 50px 30px !important;\n}\n<\/style>\n<div class='flex_cell av-2vz4ev-0611f2e78f36b7066f649a5a835a7bf4 av-gridrow-cell av_one_fifth no_margin  avia-builder-el-3  el_after_av_cell_two_fifth  el_before_av_cell_two_fifth '  ><div class='flex_cell_inner'><p>\n<style type=\"text\/css\" data-created_by=\"avia_inline_auto\" id=\"style-css-av-2ojycv-cc38ac41edb64debed3396099ff4208e\">\n.avia-image-container.av-2ojycv-cc38ac41edb64debed3396099ff4208e img.avia_image{\nbox-shadow:none;\n}\n.avia-image-container.av-2ojycv-cc38ac41edb64debed3396099ff4208e .av-image-caption-overlay-center{\ncolor:#ffffff;\n}\n<\/style>\n<div  class='avia-image-container av-2ojycv-cc38ac41edb64debed3396099ff4208e av-styling-circle av-hover-grow avia_animated_image av-animated-when-visible-95 bottom-to-top avia-align-center  avia-builder-el-4  el_before_av_textblock  avia-builder-el-first '   itemprop=\"image\" itemscope=\"itemscope\" itemtype=\"https:\/\/schema.org\/ImageObject\" ><div class=\"avia-image-container-inner\"><div class=\"avia-image-overlay-wrap\"><img decoding=\"async\" fetchpriority=\"high\" class='wp-image-476 avia-img-lazy-loading-not-476 avia_image ' src=\"https:\/\/www.gipstec.at\/villach\/wp-content\/uploads\/2017\/10\/Orhan-Gipstec-Villach-300x300.jpg\" alt='Portrait von Muhammet Orhan' title='Orhan-Gipstec-Villach'  height=\"300\" width=\"300\"  itemprop=\"thumbnailUrl\" srcset=\"https:\/\/www.gipstec.at\/villach\/wp-content\/uploads\/2017\/10\/Orhan-Gipstec-Villach-300x300.jpg 300w, https:\/\/www.gipstec.at\/villach\/wp-content\/uploads\/2017\/10\/Orhan-Gipstec-Villach-80x80.jpg 80w, https:\/\/www.gipstec.at\/villach\/wp-content\/uploads\/2017\/10\/Orhan-Gipstec-Villach-36x36.jpg 36w, https:\/\/www.gipstec.at\/villach\/wp-content\/uploads\/2017\/10\/Orhan-Gipstec-Villach-180x180.jpg 180w, https:\/\/www.gipstec.at\/villach\/wp-content\/uploads\/2017\/10\/Orhan-Gipstec-Villach-120x120.jpg 120w, https:\/\/www.gipstec.at\/villach\/wp-content\/uploads\/2017\/10\/Orhan-Gipstec-Villach-450x450.jpg 450w, https:\/\/www.gipstec.at\/villach\/wp-content\/uploads\/2017\/10\/Orhan-Gipstec-Villach.jpg 500w\" sizes=\"(max-width: 300px) 100vw, 300px\" \/><\/div><\/div><\/div><br \/>\n\n<style type=\"text\/css\" data-created_by=\"avia_inline_auto\" id=\"style-css-av-2i7r2v-74d07c31c9a6ebf878eaafa157c859d7\">\n#top .av_textblock_section.av-2i7r2v-74d07c31c9a6ebf878eaafa157c859d7 .avia_textblock{\ncolor:#c4c4c4;\n}\n<\/style>\n<section  class='av_textblock_section av-2i7r2v-74d07c31c9a6ebf878eaafa157c859d7 '   itemscope=\"itemscope\" itemtype=\"https:\/\/schema.org\/CreativeWork\" ><div class='avia_textblock av_inherit_color'  itemprop=\"text\" ><p style=\"text-align: center;\"><em>Muhammet Orhan<\/em><\/p>\n<\/div><\/section><\/p>\n<\/div><\/div>\n<style type=\"text\/css\" data-created_by=\"avia_inline_auto\" id=\"style-css-av-2f1q53-3116f0c7530d95c16a92ecbfe293a0d6\">\n.flex_cell.av-2f1q53-3116f0c7530d95c16a92ecbfe293a0d6{\nvertical-align:middle;\nbackground-color:#5f6e78;\n}\n.responsive #top #wrap_all .flex_cell.av-2f1q53-3116f0c7530d95c16a92ecbfe293a0d6{\npadding:60px 30px 60px 30px !important;\n}\n<\/style>\n<div class='flex_cell av-2f1q53-3116f0c7530d95c16a92ecbfe293a0d6 av-gridrow-cell av_two_fifth no_margin  avia-builder-el-6  el_after_av_cell_one_fifth  avia-builder-el-last  iconlist-firma'  ><div class='flex_cell_inner'><div  class='avia-icon-list-container av-2bbjw7-9daf2b918d11bb1c111ad38c9fb86eca  avia-builder-el-7  avia-builder-el-no-sibling '><ul class='avia-icon-list avia_animate_when_almost_visible avia-icon-list-left av-iconlist-big av-2bbjw7-9daf2b918d11bb1c111ad38c9fb86eca avia-iconlist-animate'>\n<li><div class='iconlist_icon av-23sydr-3bafbf8108415c1cac1ba5b4588e6295 avia-font-entypo-fontello'><span class='iconlist-char' aria-hidden='true' data-av_icon='\ue80a' data-av_iconfont='entypo-fontello'><\/span><\/div><article class=\"article-icon-entry \"  itemscope=\"itemscope\" itemtype=\"https:\/\/schema.org\/CreativeWork\" ><div class=\"iconlist_content_wrap\"><header class=\"entry-content-header\"><h4 class='av_iconlist_title iconlist_title  '  itemprop=\"headline\" ><\/p>\n<h2>Firmengr\u00fcnder<\/h2>\n<p><\/h4><\/header><div class='iconlist_content '  itemprop=\"text\" ><p>Muhammet Orhan<\/p>\n<\/div><\/div><footer class=\"entry-footer\"><\/footer><\/article><div class=\"iconlist-timeline\"><\/div><\/li>\n<li><div class='iconlist_icon av-6sd5z-a63effb2a0b1cea08d4d84b3db22517b avia-font-entypo-fontello'><span class='iconlist-char' aria-hidden='true' data-av_icon='' data-av_iconfont='entypo-fontello'><\/span><\/div><article class=\"article-icon-entry \"  itemscope=\"itemscope\" itemtype=\"https:\/\/schema.org\/CreativeWork\" ><div class=\"iconlist_content_wrap\"><header class=\"entry-content-header\"><h4 class='av_iconlist_title iconlist_title  '  itemprop=\"headline\" ><\/p>\n<h2>Geboren<\/h2>\n<p><\/h4><\/header><div class='iconlist_content '  itemprop=\"text\" ><p>13.05.1979 in Villach<\/p>\n<\/div><\/div><footer class=\"entry-footer\"><\/footer><\/article><div class=\"iconlist-timeline\"><\/div><\/li>\n<li><div class='iconlist_icon av-1rrfwf-b0321cfa45b08805ec3bf2b58f9fa58a avia-font-entypo-fontello'><span class='iconlist-char' aria-hidden='true' data-av_icon='\ue82b' data-av_iconfont='entypo-fontello'><\/span><\/div><article class=\"article-icon-entry \"  itemscope=\"itemscope\" itemtype=\"https:\/\/schema.org\/CreativeWork\" ><div class=\"iconlist_content_wrap\"><header class=\"entry-content-header\"><h4 class='av_iconlist_title iconlist_title  '  itemprop=\"headline\" ><\/p>\n<h2>Motto<\/h2>\n<p><\/h4><\/header><div class='iconlist_content '  itemprop=\"text\" ><p>Lebe leidenschaftlich f\u00fcr das Heute, und zielbewusst f\u00fcr das Morgen<\/p>\n<\/div><\/div><footer class=\"entry-footer\"><\/footer><\/article><div class=\"iconlist-timeline\"><\/div><\/li>\n<\/ul><\/div>\n<\/div><\/div>\n<\/div>\n<div id='av-layout-grid-2'  class='av-layout-grid-container av-1jibwv-7d51e5396c4cca16ddc15c5bbbbd6601 entry-content-wrapper main_color av-border-top-bottom av-border-cells av-fixed-cells  avia-builder-el-8  el_after_av_layout_row  el_before_av_layout_row  grid-row-not-first  container_wrap fullsize'  >\n\n<style type=\"text\/css\" data-created_by=\"avia_inline_auto\" id=\"style-css-av-1d9opz-f513a69e2c208fa67056e8abbcfc2eea\">\n.flex_cell.av-1d9opz-f513a69e2c208fa67056e8abbcfc2eea{\nvertical-align:top;\nheight:30px;\nmin-height:30px;\nbackground-color:#a6cee8;\n}\n.responsive #top #wrap_all .flex_cell.av-1d9opz-f513a69e2c208fa67056e8abbcfc2eea{\npadding:0px 0px 0px 0px !important;\n}\n<\/style>\n<div class='flex_cell av-1d9opz-f513a69e2c208fa67056e8abbcfc2eea av-gridrow-cell av_one_third no_margin  avia-builder-el-9  el_before_av_cell_one_third  avia-builder-el-first  av-zero-padding'  ><div class='flex_cell_inner'><\/div><\/div>\n<style type=\"text\/css\" data-created_by=\"avia_inline_auto\" id=\"style-css-av-180ijb-b3816836a3dcaf794ffc8c644a8af929\">\n.flex_cell.av-180ijb-b3816836a3dcaf794ffc8c644a8af929{\nvertical-align:top;\nheight:30px;\nmin-height:30px;\nbackground-color:#0173bd;\n}\n.responsive #top #wrap_all .flex_cell.av-180ijb-b3816836a3dcaf794ffc8c644a8af929{\npadding:0px 0px 0px 0px !important;\n}\n<\/style>\n<div class='flex_cell av-180ijb-b3816836a3dcaf794ffc8c644a8af929 av-gridrow-cell av_one_third no_margin  avia-builder-el-10  el_after_av_cell_one_third  el_before_av_cell_one_third  av-zero-padding'  ><div class='flex_cell_inner'><\/div><\/div>\n<style type=\"text\/css\" data-created_by=\"avia_inline_auto\" id=\"style-css-av-122haf-4c646f327931ae456c98de4992301068\">\n.flex_cell.av-122haf-4c646f327931ae456c98de4992301068{\nvertical-align:top;\nheight:30px;\nmin-height:30px;\nbackground-color:#2a337f;\n}\n.responsive #top #wrap_all .flex_cell.av-122haf-4c646f327931ae456c98de4992301068{\npadding:0px 0px 0px 0px !important;\n}\n<\/style>\n<div class='flex_cell av-122haf-4c646f327931ae456c98de4992301068 av-gridrow-cell av_one_third no_margin  avia-builder-el-11  el_after_av_cell_one_third  avia-builder-el-last  av-zero-padding'  ><div class='flex_cell_inner'><\/div><\/div>\n<\/div>\n<div id='av-layout-grid-3'  class='av-layout-grid-container av-udilz-bedd4c3f1cc51e3002afab6002d8f4eb entry-content-wrapper main_color av-border-top-bottom av-border-cells av-flex-cells  avia-builder-el-12  el_after_av_layout_row  avia-builder-el-last  grid-row-not-first  container_wrap fullsize'  >\n\n<style type=\"text\/css\" data-created_by=\"avia_inline_auto\" id=\"style-css-av-qb8en-8dc97fdf71e50d9c5b5b93b670605a6a\">\n.flex_cell.av-qb8en-8dc97fdf71e50d9c5b5b93b670605a6a{\nvertical-align:middle;\nbackground-color:#5f6e78;\n}\n.responsive #top #wrap_all .flex_cell.av-qb8en-8dc97fdf71e50d9c5b5b93b670605a6a{\npadding:100px 100px 100px 100px !important;\n}\n<\/style>\n<div class='flex_cell av-qb8en-8dc97fdf71e50d9c5b5b93b670605a6a av-gridrow-cell av_one_half no_margin  avia-builder-el-13  el_before_av_cell_one_half  avia-builder-el-first '  ><div class='flex_cell_inner'>\n<style type=\"text\/css\" data-created_by=\"avia_inline_auto\" id=\"style-css-av-n5dn3-78f1f310e84f1be5a016673ed5b76aba\">\n#top .av_textblock_section.av-n5dn3-78f1f310e84f1be5a016673ed5b76aba .avia_textblock{\nfont-size:25px;\ncolor:#ffffff;\n}\n<\/style>\n<section  class='av_textblock_section av-n5dn3-78f1f310e84f1be5a016673ed5b76aba '   itemscope=\"itemscope\" itemtype=\"https:\/\/schema.org\/CreativeWork\" ><div class='avia_textblock av_inherit_color'  itemprop=\"text\" ><p style=\"text-align: center;\">Seit 1998 kann ich auf Erfahrungen in verschiedensten Bereichen der Baubranche zur\u00fcckgreifen.<br \/>\nSpezialisiert habe ich mich dabei auf den Bereich Innenausbau &#8211; am liebsten arbeite ich an <b>renovierungs&shy;\u00adbed\u00fcrftigen Wohnr\u00e4umen<\/b> und verwandle diese in stilvolle, moderne Wohnbereiche.<\/p>\n<\/div><\/section>\n<\/div><\/div>\n<style type=\"text\/css\" data-created_by=\"avia_inline_auto\" id=\"style-css-av-do807-069b38eb7fb27485037b9f57d41bfcba\">\n.flex_cell.av-do807-069b38eb7fb27485037b9f57d41bfcba{\nvertical-align:top;\nbackground-color:#c7ccd0;\n}\n.responsive #top #wrap_all .flex_cell.av-do807-069b38eb7fb27485037b9f57d41bfcba{\npadding:100px 100px 100px 100px !important;\n}\n<\/style>\n<div class='flex_cell av-do807-069b38eb7fb27485037b9f57d41bfcba av-gridrow-cell av_one_half no_margin  avia-builder-el-15  el_after_av_cell_one_half  avia-builder-el-last '  ><div class='flex_cell_inner'>\n<style type=\"text\/css\" data-created_by=\"avia_inline_auto\" id=\"style-css-av-awa0f-6b42a9482b7391ac0d577beaf39c67d9\">\n#top .av_textblock_section.av-awa0f-6b42a9482b7391ac0d577beaf39c67d9 .avia_textblock{\nfont-size:25px;\ncolor:#0173bd;\n}\n<\/style>\n<section  class='av_textblock_section av-awa0f-6b42a9482b7391ac0d577beaf39c67d9 '   itemscope=\"itemscope\" itemtype=\"https:\/\/schema.org\/CreativeWork\" ><div class='avia_textblock av_inherit_color'  itemprop=\"text\" ><p style=\"text-align: center;\">Im Fr\u00fchjahr 2011 habe ich die <strong>Meisterschule f\u00fcr Stuckateure und Trocken\u00adausbauer<\/strong> besucht, und die anschliessenden gewerberechtlichen Pr\u00fcfungen mit ausgezeichnetem Erfolg bestanden.<\/p>\n<p style=\"text-align: center;\">Damit wir unseren Kunden immer den neuesten Stand der Technik anbieten k\u00f6nnen, besuche ich mit meinen Mitarbeitern j\u00e4hrlich eine Vielzahl von Seminaren \u00fcber Produkt&shy;\u00aderweiterungen unserer <a href=\"http:\/\/www.gipstec.at\/villach\/partner\/\">Partner und Lieferanten.<\/a><\/p>\n<\/div><\/section>\n<\/div><\/div><\/div>\n","protected":false},"excerpt":{"rendered":"","protected":false},"author":1,"featured_media":0,"parent":0,"menu_order":0,"comment_status":"closed","ping_status":"closed","template":"","meta":{"footnotes":""},"class_list":["post-127","page","type-page","status-publish","hentry"],"_links":{"self":[{"href":"https:\/\/www.gipstec.at\/villach\/wp-json\/wp\/v2\/pages\/127"}],"collection":[{"href":"https:\/\/www.gipstec.at\/villach\/wp-json\/wp\/v2\/pages"}],"about":[{"href":"https:\/\/www.gipstec.at\/villach\/wp-json\/wp\/v2\/types\/page"}],"author":[{"embeddable":true,"href":"https:\/\/www.gipstec.at\/villach\/wp-json\/wp\/v2\/users\/1"}],"replies":[{"embeddable":true,"href":"https:\/\/www.gipstec.at\/villach\/wp-json\/wp\/v2\/comments?post=127"}],"version-history":[{"count":68,"href":"https:\/\/www.gipstec.at\/villach\/wp-json\/wp\/v2\/pages\/127\/revisions"}],"predecessor-version":[{"id":582,"href":"https:\/\/www.gipstec.at\/villach\/wp-json\/wp\/v2\/pages\/127\/revisions\/582"}],"wp:attachment":[{"href":"https:\/\/www.gipstec.at\/villach\/wp-json\/wp\/v2\/media?parent=127"}],"curies":[{"name":"wp","href":"https:\/\/api.w.org\/{rel}","templated":true}]}}